{"id":605,"date":"2019-01-09T23:41:55","date_gmt":"2019-01-09T23:41:55","guid":{"rendered":"http:\/\/nordbatt.org\/2022\/?page_id=605"},"modified":"2022-08-04T09:32:42","modified_gmt":"2022-08-04T08:32:42","slug":"plenary-speakers","status":"publish","type":"page","link":"http:\/\/nordbatt.org\/2022\/plenary-speakers\/","title":{"rendered":"Plenary Speakers"},"content":{"rendered":"\n<p class=\"has-medium-font-size\">We are delighted and proud to announce that NordBatt 2022 will feature the following international profiles of the highest possible standing as Plenary Speakers:<\/p>\n\n\n\n<div class=\"wp-block-media-text alignwide is-stacked-on-mobile is-vertically-aligned-center\" style=\"grid-template-columns:16% auto\"><figure class=\"wp-block-media-text__media\"><img loading=\"lazy\" decoding=\"async\" width=\"162\" height=\"200\" src=\"http:\/\/nordbatt.org\/2022\/wp-content\/uploads\/sites\/8\/2022\/03\/image.png\" alt=\"\" class=\"wp-image-2320 size-full\" \/><\/figure><div class=\"wp-block-media-text__content\">\n<p><\/p>\n\n\n\n<p><strong>How smart application of rather simple electrochemical methodology can help to better understand ion transfer and metal anode batteries?<\/strong>&nbsp;        <\/p>\n\n\n\n<p><strong>Martin Winter<\/strong>, Helmholtz Institute M\u00fcnster, Forschungszentrum J\u00fclich &amp; MEET (M\u00fcnster Electrochemical Energy Technology), University of M\u00fcnster, Germany, is a true friend of the Nordic battery community. He has been in the field of electrochemical energy storage and conversion for over 30 years, with a focus on development of new materials, components, and designs for lithium-ion and lithium metal cells and beyond<strong>.<\/strong><\/p>\n<\/div><\/div>\n\n\n\n<div class=\"wp-block-media-text alignwide is-stacked-on-mobile is-vertically-aligned-center\" style=\"grid-template-columns:17% auto\"><figure class=\"wp-block-media-text__media\"><img loading=\"lazy\" decoding=\"async\" width=\"162\" height=\"200\" src=\"http:\/\/nordbatt.org\/2022\/wp-content\/uploads\/sites\/8\/2022\/03\/image-1.png\" alt=\"\" class=\"wp-image-2321 size-full\" \/><\/figure><div class=\"wp-block-media-text__content\">\n<p><\/p>\n\n\n\n<p><strong>The Journey to Commercialization of Sodium Ion Batteries<\/strong><\/p>\n\n\n\n<p class=\"has-normal-font-size\"><strong>Dr. Jerry Barker<\/strong>, Jerry Barker Consultants, Oxfordshire, England, UK, is to many of us the face of Faradion Ltd. As the founder and chief scientist he brought them and the sodium-ion battery technology largely to where it is today. However, his expertise in moving excellent battery material research into products via scale-up, start-ups, and IP has a longer history than that \u2013 he was also active in the field of lithum-ion batteries at Valence Technologies for many years.<\/p>\n<\/div><\/div>\n\n\n\n<div class=\"wp-block-columns is-layout-flex wp-container-core-columns-is-layout-1 wp-block-columns-is-layout-flex\">\n<div class=\"wp-block-column is-layout-flow wp-block-column-is-layout-flow\" style=\"flex-basis:100%\">\n<div class=\"wp-block-media-text alignwide is-stacked-on-mobile is-vertically-aligned-center\" style=\"grid-template-columns:16% auto\"><figure class=\"wp-block-media-text__media\"><img loading=\"lazy\" decoding=\"async\" width=\"162\" height=\"199\" src=\"http:\/\/nordbatt.org\/2022\/wp-content\/uploads\/sites\/8\/2022\/03\/image-2.png\" alt=\"\" class=\"wp-image-2322 size-full\" \/><\/figure><div class=\"wp-block-media-text__content\">\n<p><\/p>\n\n\n\n<p><strong>Multi-scale models of energy storage materials: Always a trade-off between accuracy and speed?<\/strong><\/p>\n\n\n\n<p class=\"has-normal-font-size\"><strong>Dr. Celine Merlet<\/strong>, CNRS\/CIRIMAT, Universit\u00e9 Paul Sabatier, Toulouse, France, is an award-winning researcher, including the Bronze medal of CNRS, in the field of advanced modelling at the molecular level, applied both to supercapacitors and to batteries. Her work is more than often done in conjunction with experimental efforts and has had a special focus on various kinds of carbon structures. She received the special prize Joseph Fourier 2021 as a member of the team developing the Metalwalls software.<\/p>\n<\/div><\/div>\n<\/div>\n<\/div>\n\n\n\n<p><\/p>\n","protected":false},"excerpt":{"rendered":"<p>We are delighted and proud to announce that NordBatt 2022 will feature the following international profiles of the highest possible &hellip; <a href=\"http:\/\/nordbatt.org\/2022\/plenary-speakers\/\" class=\"more-link\">Continue reading <span class=\"screen-reader-text\">Plenary Speakers<\/span><\/a><\/p>\n","protected":false},"author":1,"featured_media":0,"parent":0,"menu_order":0,"comment_status":"closed","ping_status":"closed","template":"nordbatt-wide.php","meta":{"footnotes":""},"class_list":["post-605","page","type-page","status-publish","hentry"],"_links":{"self":[{"href":"http:\/\/nordbatt.org\/2022\/wp-json\/wp\/v2\/pages\/605","targetHints":{"allow":["GET"]}}],"collection":[{"href":"http:\/\/nordbatt.org\/2022\/wp-json\/wp\/v2\/pages"}],"about":[{"href":"http:\/\/nordbatt.org\/2022\/wp-json\/wp\/v2\/types\/page"}],"author":[{"embeddable":true,"href":"http:\/\/nordbatt.org\/2022\/wp-json\/wp\/v2\/users\/1"}],"replies":[{"embeddable":true,"href":"http:\/\/nordbatt.org\/2022\/wp-json\/wp\/v2\/comments?post=605"}],"version-history":[{"count":15,"href":"http:\/\/nordbatt.org\/2022\/wp-json\/wp\/v2\/pages\/605\/revisions"}],"predecessor-version":[{"id":2779,"href":"http:\/\/nordbatt.org\/2022\/wp-json\/wp\/v2\/pages\/605\/revisions\/2779"}],"wp:attachment":[{"href":"http:\/\/nordbatt.org\/2022\/wp-json\/wp\/v2\/media?parent=605"}],"curies":[{"name":"wp","href":"https:\/\/api.w.org\/{rel}","templated":true}]}}