{"id":2400,"date":"2022-03-09T13:42:42","date_gmt":"2022-03-09T13:42:42","guid":{"rendered":"http:\/\/nordbatt.org\/2022\/?page_id=2400"},"modified":"2022-03-15T15:27:54","modified_gmt":"2022-03-15T15:27:54","slug":"local-organisation-committee","status":"publish","type":"page","link":"http:\/\/nordbatt.org\/2022\/local-organisation-committee\/","title":{"rendered":"Local Organisation Committee"},"content":{"rendered":"\n<div class=\"wp-block-columns is-layout-flex wp-container-core-columns-is-layout-2 wp-block-columns-is-layout-flex\">\n<div class=\"wp-block-column is-layout-flow wp-block-column-is-layout-flow\" style=\"flex-basis:100%\">\n<div class=\"wp-block-group\"><div class=\"wp-block-group__inner-container is-layout-flow wp-block-group-is-layout-flow\">\n<div class=\"wp-block-columns is-layout-flex wp-container-core-columns-is-layout-1 wp-block-columns-is-layout-flex\">\n<div class=\"wp-block-column is-vertically-aligned-bottom is-layout-flow wp-block-column-is-layout-flow\" style=\"flex-basis:100%\">\n<figure class=\"wp-block-table aligncenter is-style-stripes\"><table  class=\" table table-hover\" ><tbody><tr><td class=\"has-text-align-center\" data-align=\"center\">Prof. Patrik Johansson<\/td><\/tr><tr><td class=\"has-text-align-center\" data-align=\"center\">MSc. Johanna Timhagen<\/td><\/tr><tr><td class=\"has-text-align-center\" data-align=\"center\">Dr. Sajid Alvi<\/td><\/tr><tr><td class=\"has-text-align-center\" data-align=\"center\">Dr. Nataliia Mozhzhukhina<\/td><\/tr><tr><td class=\"has-text-align-center\" data-align=\"center\">Dr. Laura Loaiza Rodr\u00edguez<\/td><\/tr><tr><td class=\"has-text-align-center\" data-align=\"center\">Lic. Fabian \u00c5r\u00e9n<\/td><\/tr><tr><td class=\"has-text-align-center\" data-align=\"center\">MSc. Mirna Alhanash<\/td><\/tr><tr><td class=\"has-text-align-center\" data-align=\"center\">MSc. Antoine Klein<\/td><\/tr><tr><td class=\"has-text-align-center\" data-align=\"center\">Dr. Matthew Sadd<\/td><\/tr><\/tbody><\/table><\/figure>\n<\/div>\n<\/div>\n<\/div><\/div>\n<\/div>\n<\/div>\n","protected":false},"excerpt":{"rendered":"<p>Prof. Patrik Johansson MSc. Johanna Timhagen Dr. Sajid Alvi Dr. Nataliia Mozhzhukhina Dr. Laura Loaiza Rodr\u00edguez Lic. Fabian \u00c5r\u00e9n MSc. &hellip; <a href=\"http:\/\/nordbatt.org\/2022\/local-organisation-committee\/\" class=\"more-link\">Continue reading <span class=\"screen-reader-text\">Local Organisation Committee<\/span><\/a><\/p>\n","protected":false},"author":69,"featured_media":0,"parent":0,"menu_order":0,"comment_status":"closed","ping_status":"closed","template":"nordbatt-wide.php","meta":{"footnotes":""},"class_list":["post-2400","page","type-page","status-publish","hentry"],"_links":{"self":[{"href":"http:\/\/nordbatt.org\/2022\/wp-json\/wp\/v2\/pages\/2400","targetHints":{"allow":["GET"]}}],"collection":[{"href":"http:\/\/nordbatt.org\/2022\/wp-json\/wp\/v2\/pages"}],"about":[{"href":"http:\/\/nordbatt.org\/2022\/wp-json\/wp\/v2\/types\/page"}],"author":[{"embeddable":true,"href":"http:\/\/nordbatt.org\/2022\/wp-json\/wp\/v2\/users\/69"}],"replies":[{"embeddable":true,"href":"http:\/\/nordbatt.org\/2022\/wp-json\/wp\/v2\/comments?post=2400"}],"version-history":[{"count":7,"href":"http:\/\/nordbatt.org\/2022\/wp-json\/wp\/v2\/pages\/2400\/revisions"}],"predecessor-version":[{"id":2499,"href":"http:\/\/nordbatt.org\/2022\/wp-json\/wp\/v2\/pages\/2400\/revisions\/2499"}],"wp:attachment":[{"href":"http:\/\/nordbatt.org\/2022\/wp-json\/wp\/v2\/media?parent=2400"}],"curies":[{"name":"wp","href":"https:\/\/api.w.org\/{rel}","templated":true}]}}