{"id":984,"date":"2019-06-12T21:05:45","date_gmt":"2019-06-12T20:05:45","guid":{"rendered":"http:\/\/nordbatt.org\/2019\/?page_id=984"},"modified":"2019-07-02T23:52:40","modified_gmt":"2019-07-02T22:52:40","slug":"battery-powered-ferry-trip","status":"publish","type":"page","link":"http:\/\/nordbatt.org\/2019\/breakout-sessions\/battery-powered-ferry-trip\/","title":{"rendered":"Battery powered ferry trip"},"content":{"rendered":"\n<p>Maximum number of participants: 30 (first come, first served)<\/p>\n\n\n\n<p>In this breakout session we visit the largest battery powered ferry in the World operated by <a href=\"https:\/\/www.forsea.dk\/om-forsea\/\" target=\"_blank\" rel=\"noreferrer noopener\" aria-label=\"FORSEA (opens in a new tab)\">FORSEA<\/a> between Helsing\u00f8r and Helsingborg. The visit include a talk about the ferry and a tour to see batteries, engines and charging among others.<\/p>\n\n\n\n<p>Expected schedule:<br>11.00: Departure from DTU, Lyngby to Helsing\u00f8r with bus<br>11.45: Arrival at Helsing\u00f8r habour<br>12.13: Departure with Tycho Brahe (lunch, talk and tour)<br>14.15: Departure with bus from Helsing\u00f8r to DTU, Lyngby<br>15.00: Arrival at DTU, Lyngby<\/p>\n\n\n\n<p>Contact person:<br>Erik Schaltz, esc@et.aau.dk<\/p>\n\n\n\n<p>\n\nBack to <a href=\"http:\/\/nordbatt.org\/2019\/breakout-sessions\/\">Breakout sessions<\/a><\/p>\n","protected":false},"excerpt":{"rendered":"<p>Maximum number of participants: 30 (first come, first served) In this breakout session we visit the largest battery powered ferry &hellip; <a href=\"http:\/\/nordbatt.org\/2019\/breakout-sessions\/battery-powered-ferry-trip\/\" class=\"more-link\">Continue reading <span class=\"screen-reader-text\">Battery powered ferry trip<\/span><\/a><\/p>\n","protected":false},"author":2,"featured_media":0,"parent":978,"menu_order":0,"comment_status":"closed","ping_status":"closed","template":"nordbatt-wide.php","meta":{"footnotes":""},"class_list":["post-984","page","type-page","status-publish","hentry"],"_links":{"self":[{"href":"http:\/\/nordbatt.org\/2019\/wp-json\/wp\/v2\/pages\/984","targetHints":{"allow":["GET"]}}],"collection":[{"href":"http:\/\/nordbatt.org\/2019\/wp-json\/wp\/v2\/pages"}],"about":[{"href":"http:\/\/nordbatt.org\/2019\/wp-json\/wp\/v2\/types\/page"}],"author":[{"embeddable":true,"href":"http:\/\/nordbatt.org\/2019\/wp-json\/wp\/v2\/users\/2"}],"replies":[{"embeddable":true,"href":"http:\/\/nordbatt.org\/2019\/wp-json\/wp\/v2\/comments?post=984"}],"version-history":[{"count":4,"href":"http:\/\/nordbatt.org\/2019\/wp-json\/wp\/v2\/pages\/984\/revisions"}],"predecessor-version":[{"id":991,"href":"http:\/\/nordbatt.org\/2019\/wp-json\/wp\/v2\/pages\/984\/revisions\/991"}],"up":[{"embeddable":true,"href":"http:\/\/nordbatt.org\/2019\/wp-json\/wp\/v2\/pages\/978"}],"wp:attachment":[{"href":"http:\/\/nordbatt.org\/2019\/wp-json\/wp\/v2\/media?parent=984"}],"curies":[{"name":"wp","href":"https:\/\/api.w.org\/{rel}","templated":true}]}}