{"id":657,"date":"2019-02-12T23:38:51","date_gmt":"2019-02-12T23:38:51","guid":{"rendered":"http:\/\/nordbatt.org\/2017\/?page_id=657"},"modified":"2019-02-13T00:04:40","modified_gmt":"2019-02-13T00:04:40","slug":"conference-report","status":"publish","type":"page","link":"http:\/\/nordbatt.org\/2017\/conference-report\/","title":{"rendered":"Conference report"},"content":{"rendered":"\n<div class=\"wp-block-columns has-2-columns is-layout-flex wp-container-core-columns-is-layout-1 wp-block-columns-is-layout-flex\">\n<div class=\"wp-block-column is-layout-flow wp-block-column-is-layout-flow\">\n<p><em>Skrivet av Daniel Brandell (Uppsala Universitet).<\/em><\/p>\n\n\n\n<p class=\"has-drop-cap\">Den bra id\u00e9 att samla forskning och industri kring batterier \u2013 och med tydligt fokus p\u00e5 Li-jonbatterier \u2013 i de nordiska l\u00e4nderna f\u00f6r en gemensam konferens v\u00e4cktes fyra \u00e5r tillbaka i tiden, och resulterade i Nordbatt i Uppsala. Detta f\u00f6ljdes sedan av Nordbatt 2 i Trondheim 2015, varp\u00e5 det detta \u00e5r var dags f\u00f6r Finland och Kokkola i \u00d6sterbotten att f\u00f6ra stafettpinnen vidare. Med tanke p\u00e5 utvecklingen inom f\u00e4ltet under perioden 2013-2017 \u00e4r det inte underligt att m\u00f6tet forts\u00e4tter att vara en god regional tummelplats f\u00f6r olika sorts akt\u00f6rer: f\u00f6retag, myndigheter, forskningsinstitut och akademi. Nordbatt 3 gick av stapeln 1-3 november 2017 i regi av Ulla Lassi fr\u00e5n Oulu Universitet, och lockade \u00f6ver 100 deltagare fr\u00e5n framf\u00f6r allt Sverige,<br>Dock finns andra problem med kobolt: de kommersiellt mest intressanta reserverna \u00e4r sm\u00e5, och \u00e4mnena \u00e4r beh\u00e4ftade med toxicitet. Norge, Finland och Danmark samt enskilda bes\u00f6kare fr\u00e5n \u00f6vriga Europa och Japan. Konferensen avslutades med att Paolo Cerutti fr\u00e5n Northvolt redogjorde f\u00f6r expansionsplanerna f\u00f6r Li-jonbatteritillverkning i Norden mot bakgrund av utvecklingen tillverkningen av s\u00e5 kallade \u201dGigafactories\u201d i \u00f6vriga v\u00e4rlden, vilket symboliskt markerade hur mycket som h\u00e4nt under den senaste tidsperioden.<\/p>\n\n\n\n<div class=\"wp-block-image\"><figure class=\"aligncenter\"><img loading=\"lazy\" decoding=\"async\" width=\"589\" height=\"390\" src=\"http:\/\/nordbatt.org\/2017\/wp-content\/uploads\/sites\/3\/2018\/09\/kokkola_harbor.png\" alt=\"\" class=\"wp-image-576\" srcset=\"http:\/\/nordbatt.org\/2017\/wp-content\/uploads\/sites\/3\/2018\/09\/kokkola_harbor.png 589w, http:\/\/nordbatt.org\/2017\/wp-content\/uploads\/sites\/3\/2018\/09\/kokkola_harbor-300x199.png 300w\" sizes=\"auto, (max-width: 589px) 100vw, 589px\" \/><\/figure><\/div>\n\n\n\n<p class=\"has-drop-cap\">F\u00f6r den som f\u00f6ljt Nordbatts utveckling sedan starten har det ocks\u00e5 blivit tydligt att de olika nordiska l\u00e4nderna spelar lite olika roller, eller utg\u00f6r olika nischer, inom utvecklingen av batteriomr\u00e5det. Medan konferensen i Sverige hade ett visst fokus p\u00e5 elektrifiering av fordon, med flertalet representanter fr\u00e5n nordisk fordonsindustri n\u00e4rvarande, s\u00e5 var konferensen i Norge 2015 mer inriktad p\u00e5 kraftbalansering, n\u00e4tlagring och testning. Nu i Finland var det ist\u00e4llet r\u00e5material som g\u00e4llde, om inte f\u00f6r hela slanten s\u00e5 \u00e5tminstone f\u00f6r en ansenlig del av den. Detta har sina sk\u00e4l: Kokkola \u00e4r ett betydande centrum f\u00f6r processkemisk behandling av m\u00e5nga av de r\u00e5material som kommer fr\u00e5n den finska gruvn\u00e4ringen. Dessa mineral inneh\u00e5ller en rad f\u00f6r Li-jonbatterier v\u00e4sentliga \u00e4mnen: kobolt, nickel och litium. Med den finska r\u00e5materialindustrin ett stenkast bort, den finska gruvn\u00e4ringen n\u00e4stg\u00e5rds, och med lokal forskning i Kokkola och n\u00e4rliggande Oulo som syftar till framtagning av batterimaterial s\u00e5 var det nog p\u00e5 sin plats att konferensen denna g\u00e5ng hade en tydlig slagsida mot detta omr\u00e5de.<\/p>\n\n\n\n<figure class=\"wp-block-image\"><img loading=\"lazy\" decoding=\"async\" width=\"1024\" height=\"502\" src=\"http:\/\/nordbatt.org\/2017\/wp-content\/uploads\/sites\/3\/2018\/09\/freeport_cobalt-1024x502.jpg\" alt=\"\" class=\"wp-image-578\" srcset=\"http:\/\/nordbatt.org\/2017\/wp-content\/uploads\/sites\/3\/2018\/09\/freeport_cobalt-1024x502.jpg 1024w, http:\/\/nordbatt.org\/2017\/wp-content\/uploads\/sites\/3\/2018\/09\/freeport_cobalt-300x147.jpg 300w, http:\/\/nordbatt.org\/2017\/wp-content\/uploads\/sites\/3\/2018\/09\/freeport_cobalt-768x376.jpg 768w, http:\/\/nordbatt.org\/2017\/wp-content\/uploads\/sites\/3\/2018\/09\/freeport_cobalt.jpg 2000w\" sizes=\"auto, (max-width: 1024px) 100vw, 1024px\" \/><\/figure>\n\n\n\n<p class=\"has-drop-cap\">R\u00e5materialindustrin representerades p\u00e5 konferensen av bland annat Freeport Cobolt, Boliden och Keliber (som bryter och producerar litiuminneh\u00e5llande material fr\u00e5n mineraler i Finland), och det puffades dessutom f\u00f6r innovationsindustri inom omr\u00e5det av finansi\u00e4ren EIT Raw Materials i organisationens eget f\u00f6redrag. Inte minst anv\u00e4ndningen av kobolt i Li-jonbatterier \u2013 generellt en sidoprodukt vid brytning av nickel \u2013 \u00e5drog sig en del diskussion under konferensen. Den nordiska Li-batteriforskningens nestor Josh Thomas (Lifesize AB) inledde konferensen med att tydligt f\u00f6respr\u00e5ka en minskning av m\u00e4ngden kobolt i n\u00e4sta generations katodmaterial, och fick visst medh\u00e5ll fr\u00e5n Noshin Omar fr\u00e5n Battery Innovation Centre i Bryssel i dennes expos\u00e9 \u00f6ver de senaste utvecklingstrenderna p\u00e5 omr\u00e5det ur EU-kommissionens perspektiv. H\u00e4r fanns dock ett visst lokalt mothugg: \u00e4ven om det \u00e4r sant att en ansenlig andel av allt kommersiellt kobolt kommer fr\u00e5n DR Kongo, och att det f\u00f6rkommer barnarbete och brist p\u00e5 m\u00e4nskliga r\u00e4ttigheter kopplat till utvinning av kobolt i \u00f6stra delen av landet, s\u00e5 \u00e4r detta en f\u00f6rh\u00e5llandevis liten del av det kobolt som Kongo producerar. Det stora flertalet av gruvorna drivs under socialt acceptabla villkor. Kopplat till utvinningen av kobolt var ocks\u00e5 ett st\u00f6rre intresse kring \u00e5tervinning av batterier \u00e4n vid tidigare Nordbatt-m\u00f6ten, och forskning kring detta i fr\u00e4mst Finland (t ex Aalto Universitet) men ocks\u00e5 Sverige (Chalmers) presenterades.<\/p>\n\n\n\n<p class=\"has-drop-cap\">Utvecklingen av metoder f\u00f6r att ta tillvara v\u00e4rdefulla material fr\u00e5n batterier, inklusive litium, med framf\u00f6r allt hydrometallurgiska metoder g\u00e5r uppenbart fram\u00e5t i god takt i Norden \u2013 vilket passar v\u00e4l mot bakgrunden av Batterifondsprogrammets utlysningar inom detta omr\u00e5de.&nbsp; \u00c4ven om inslaget fr\u00e5n f\u00f6retag var stort s\u00e5 dominerades \u00e4nd\u00e5 programmet som brukligt av presentationer fr\u00e5n akademin samt olika forskningsinstitutet. Arrang\u00f6rerna hade m\u00f6jligtvis vinnlagt sig om att skapa s\u00e5 stor bredd som m\u00f6jligt, f\u00f6r flera olika batterikemier fanns representerade (metallhydrider, Li-jon, natrium, redox-flow, med mera), liksom studier av i princip samtliga komponenter i Li-jonbatterier. Dessutom gavs flera presentationer som behandlade forskning inom testning och diagnostik av kommersiella celler. Om n\u00e5got stack m\u00e4rkbart ut s\u00e5 var det att kisel-baserade och\/eller kisel-inneh\u00e5llande anoder var \u00e4mnet f\u00f6r forskning p\u00e5 l\u00e4ros\u00e4ten (och \u00e4ven f\u00f6retag) i ett flertal av de nordiska l\u00e4nderna. Vidare innebar presentationerna ett visst fokus p\u00e5 syntes av nanomaterial samt tunnfilmsteknik, d\u00e4r flera forskningsgrupper fr\u00e5n Finland \u00e4r uppenbart starka.<\/p>\n\n\n\n<p class=\"has-drop-cap\">Om n\u00e5got \u00e4mne kanske saknades p\u00e5 konferensen kan modellering kanske lyftas fram. \u00c4ven om det bj\u00f6ds p\u00e5 ett intressant f\u00f6redrag om nya metoder f\u00f6r datorst\u00f6dd materialdesign fr\u00e5n Danmarks Tekniska Universitet, s\u00e5 gavs f\u00e5 bidrag om cellmodellering. Mot bakgrund av det v\u00e4xande intresset fr\u00e5n b\u00e5de&nbsp;batteritillverkare, industriella slutanv\u00e4ndare, forskningsinstitut och l\u00e4ros\u00e4ten var detta kanske n\u00e5got ov\u00e4ntat. Vidare diskuterades mycket under m\u00f6tet f\u00f6rdelarna med fastfaselektrolyter \u2013 b\u00e5de polymera och<br>keramiska s\u00e5dana \u2013 vilka f\u00f6rv\u00e4ntas introduceras i st\u00f6rre skala i n\u00e4sta generations Li-jonbatterier, samt vad detta kommer att inneb\u00e4ra i form av produktionsmetoder, dock utan att s\u00e4rskilt mycket nordisk forskning inom omr\u00e5det de facto presenterades.<\/p>\n\n\n\n<p>Logiskt, efter konferenser i Sverige, Norge och Finland, annonserades det att Nordbatt 4 kommer att arrangeras i Danmark med <a href=\"http:\/\/batteriselskab.dk\">Danish Battery Society<\/a> som huvudorganisat\u00f6r. Dessa har redan registrerat in en dom\u00e4n f\u00f6r konferensen, www.nordbatt.org, vilken b\u00e5de \u00e4r t\u00e4nkt att samla material f\u00f6r tidigare m\u00f6ten samt f\u00f6r framtida konferenser. I kontext av den lokala f\u00f6rankringen som tidigare m\u00f6ten uppvisat skall det bli sp\u00e4nnande att se hur Danmark kommer att s\u00e4tta sin speciella pr\u00e4gel p\u00e5 m\u00f6tet 2019.<\/p>\n<\/div>\n\n\n\n<div class=\"wp-block-column is-layout-flow wp-block-column-is-layout-flow\">\n<p class=\"has-medium-font-size\"><strong>About the Author<\/strong><\/p>\n\n\n\n<div class=\"wp-block-image\"><figure class=\"alignleft\"><img loading=\"lazy\" decoding=\"async\" width=\"150\" height=\"150\" src=\"http:\/\/nordbatt.org\/2017\/wp-content\/uploads\/sites\/3\/2018\/09\/daniel_brandell-150x150.jpeg\" alt=\"\" class=\"wp-image-577\"\/><\/figure><\/div>\n\n\n\n<h3 class=\"wp-block-heading\">Daniel Brandell<\/h3>\n\n\n\n<p>Professor in Materials Chemistry and responsible professor for the Structural Chemistry programme. Researcher within the <strong><a href=\"https:\/\/www.kemi.uu.se\/research\/structural-chemistry\/aabc\/\">\u00c5ngstr\u00f6m Advanced Battery Centre<\/a><\/strong>.<\/p>\n<\/div>\n<\/div>\n","protected":false},"excerpt":{"rendered":"<p>Skrivet av Daniel Brandell (Uppsala Universitet). Den bra id\u00e9 att samla forskning och industri kring batterier \u2013 och med tydligt &hellip; <a href=\"http:\/\/nordbatt.org\/2017\/conference-report\/\" class=\"more-link\">Continue reading <span class=\"screen-reader-text\">Conference report<\/span><\/a><\/p>\n","protected":false},"author":1,"featured_media":0,"parent":0,"menu_order":0,"comment_status":"closed","ping_status":"closed","template":"nordbatt-wide.php","meta":{"footnotes":""},"class_list":["post-657","page","type-page","status-publish","hentry"],"_links":{"self":[{"href":"http:\/\/nordbatt.org\/2017\/wp-json\/wp\/v2\/pages\/657","targetHints":{"allow":["GET"]}}],"collection":[{"href":"http:\/\/nordbatt.org\/2017\/wp-json\/wp\/v2\/pages"}],"about":[{"href":"http:\/\/nordbatt.org\/2017\/wp-json\/wp\/v2\/types\/page"}],"author":[{"embeddable":true,"href":"http:\/\/nordbatt.org\/2017\/wp-json\/wp\/v2\/users\/1"}],"replies":[{"embeddable":true,"href":"http:\/\/nordbatt.org\/2017\/wp-json\/wp\/v2\/comments?post=657"}],"version-history":[{"count":10,"href":"http:\/\/nordbatt.org\/2017\/wp-json\/wp\/v2\/pages\/657\/revisions"}],"predecessor-version":[{"id":668,"href":"http:\/\/nordbatt.org\/2017\/wp-json\/wp\/v2\/pages\/657\/revisions\/668"}],"wp:attachment":[{"href":"http:\/\/nordbatt.org\/2017\/wp-json\/wp\/v2\/media?parent=657"}],"curies":[{"name":"wp","href":"https:\/\/api.w.org\/{rel}","templated":true}]}}