{"id":657,"date":"2019-02-12T23:38:51","date_gmt":"2019-02-12T23:38:51","guid":{"rendered":"http:\/\/nordbatt.org\/2013\/?page_id=657"},"modified":"2019-02-24T03:03:39","modified_gmt":"2019-02-24T02:03:39","slug":"conference-report","status":"publish","type":"page","link":"http:\/\/nordbatt.org\/2013\/conference-report\/","title":{"rendered":"Conference report"},"content":{"rendered":"\n<div class=\"wp-block-columns has-2-columns is-layout-flex wp-container-core-columns-is-layout-1 wp-block-columns-is-layout-flex\">\n<div class=\"wp-block-column is-layout-flow wp-block-column-is-layout-flow\">\n<p><em>Skrivet av Johan Scheers<\/em> (Chalmers University, 2013<em>).<\/em><\/p>\n\n\n\n<p>Ett av mina f\u00f6rsta konferensbes\u00f6k som doktorand var ett tredagarsm\u00f6te vid\nKTH i Stockholm 25-27 sept 2006. Det var en konferens om br\u00e4nsleceller med nordiskt\ntema \u2013 Nordic PEMFC. Bland de 131 deltagarna fanns bl.a. redakt\u00f6ren f\u00f6r det h\u00e4r\nnyhetsbrevet, samt tre v\u00e4lbekanta batteriforskare: Kristina Edstr\u00f6m, Josh\nThomas och Daniel Brandell \u2013 samtliga fr\u00e5n Uppsala Universitet.<\/p>\n\n\n\n<p>Kanske s\u00e5ddes vid Nordic PEMFC ett f\u00f6rsta fr\u00f6 till den nordiska\nbatterikonferens \u2013 NordBatt1 \u2013 som anordnades vid Uppsala Universitet 4-5 dec,\nmed Professor Kristina Edstr\u00f6m vid rodret. Med ett program p\u00e5 1.5 dagar och 127\ndeltagare var NordBatt1 till omf\u00e5ng snarlikt sin f\u00f6reg\u00e5ngare inom br\u00e4nslecellsomr\u00e5det.<\/p>\n\n\n\n<div class=\"wp-block-image\"><figure class=\"aligncenter\"><img loading=\"lazy\" decoding=\"async\" width=\"1024\" height=\"279\" src=\"http:\/\/nordbatt.org\/2013\/wp-content\/uploads\/sites\/5\/2019\/02\/UU-1024x279.png\" alt=\"\" class=\"wp-image-687\" srcset=\"http:\/\/nordbatt.org\/2013\/wp-content\/uploads\/sites\/5\/2019\/02\/UU-1024x279.png 1024w, http:\/\/nordbatt.org\/2013\/wp-content\/uploads\/sites\/5\/2019\/02\/UU-300x82.png 300w, http:\/\/nordbatt.org\/2013\/wp-content\/uploads\/sites\/5\/2019\/02\/UU-768x209.png 768w, http:\/\/nordbatt.org\/2013\/wp-content\/uploads\/sites\/5\/2019\/02\/UU-600x163.png 600w, http:\/\/nordbatt.org\/2013\/wp-content\/uploads\/sites\/5\/2019\/02\/UU.png 1532w\" sizes=\"auto, (max-width: 1024px) 100vw, 1024px\" \/><\/figure><\/div>\n\n\n\n<p><strong>Lite mer om formatet<\/strong><\/p>\n\n\n\n<p>Baserat p\u00e5 den f\u00f6rtryckta deltagarlistan med 123 namn var endast 6\ndeltagare fr\u00e5n icke-nordiska l\u00e4nder och resterande f\u00f6rdelning \u00f6ver de nordiska\nnationerna var som f\u00f6ljer: Sverige 80, Norge 13, Finland 12, Danmark 12.\nIndirekt var \u00e4ven Island representerat genom fyra isl\u00e4nningar verksamma i\n\u00f6vriga nordiska stater.&nbsp;<\/p>\n\n\n\n<p>Baserat p\u00e5 siffrorna ovan var ungef\u00e4r tv\u00e5 tredjedelar av deltagarna fr\u00e5n\nSverige (h\u00e4lften av dessa fr\u00e5n UU) och en tredjedel fr\u00e5n \u00f6vriga nordiska l\u00e4nder.\nSamma f\u00f6rdelning g\u00e4llde mellan universitet (2\/3) och summan av bidrag fr\u00e5n\nindustri\/institut (1\/3).\n\nDet vetenskapliga programmet bestod av 25 muntliga\nf\u00f6redrag och 65 posterpresentationer. Bland de muntliga f\u00f6redragen fanns fyra\nstycken utomnordiska bidrag om 45 min var (2xUSA, 1xFrankrike, 1xSkottland) som\nsamtliga lyftes fram som \u201dplenary talks\u201d. Demografin f\u00f6r resterande muntliga 20\nminutersbidrag var: Sverige 10 (UU 3), Norge 4, Finland 4 och Danmark 3. Av\nsamtliga f\u00f6redragsh\u00e5llare var 18 m\u00e4n och 7 kvinnor. &nbsp;\n\n\n\n<\/p>\n\n\n\n<p><\/p>\n\n\n\n<figure class=\"wp-block-image\"><img loading=\"lazy\" decoding=\"async\" width=\"1024\" height=\"720\" src=\"http:\/\/nordbatt.org\/2013\/wp-content\/uploads\/sites\/5\/2019\/02\/kristina-edstrom-kth-pris-ny-teknik-1024x720.jpg\" alt=\"\" class=\"wp-image-693\" srcset=\"http:\/\/nordbatt.org\/2013\/wp-content\/uploads\/sites\/5\/2019\/02\/kristina-edstrom-kth-pris-ny-teknik-1024x720.jpg 1024w, http:\/\/nordbatt.org\/2013\/wp-content\/uploads\/sites\/5\/2019\/02\/kristina-edstrom-kth-pris-ny-teknik-300x211.jpg 300w, http:\/\/nordbatt.org\/2013\/wp-content\/uploads\/sites\/5\/2019\/02\/kristina-edstrom-kth-pris-ny-teknik-768x540.jpg 768w, http:\/\/nordbatt.org\/2013\/wp-content\/uploads\/sites\/5\/2019\/02\/kristina-edstrom-kth-pris-ny-teknik-600x422.jpg 600w, http:\/\/nordbatt.org\/2013\/wp-content\/uploads\/sites\/5\/2019\/02\/kristina-edstrom-kth-pris-ny-teknik.jpg 1400w\" sizes=\"auto, (max-width: 1024px) 100vw, 1024px\" \/><\/figure>\n\n\n\n<p><strong>Presentationer<\/strong><\/p>\n\n\n\n<p>Under sitt \u00f6ppningsanf\u00f6rande uppm\u00e4rksammade Kristina starka\nkonstellationer f\u00f6r batteriutveckling inom Europa: Tyskland och Frankrike, samt\ni USA. Konkreta exempel gavs i form av den samlade batteriforskningen inom\nTysklands Helmholtz- och Fraunhoferinstitut [1-3], vilka allts\u00e5 skulle kunna\nst\u00e5 som modell f\u00f6r ett \u00f6kat nordiskt samarbete inom omr\u00e5det. Kristina lyfte\nocks\u00e5 fram Uppsala som en tidig (1477) och v\u00e4letablerad kunskapsinstitution och\nsom en f\u00f6reg\u00e5ngare inom nordisk batteriforskning [4].<\/p>\n\n\n\n<p>F\u00f6rst och sist ut av f\u00f6rsta konferensdagens vetenskapliga presentationer\nvar tv\u00e5 utomnordiska bidrag. Mellan dessa r\u00f6ntes en diplomatisk f\u00f6rdelning av\ntalarstolen mellan de nordiska l\u00e4nderna. I tur och ordning: Danmark, Sverige,\nNorge, Finland \u201doch Uppsala\u201d \u2013 som i sammanhanget n\u00e4stan f\u00e5r r\u00e4knas som en egen\nnation.&nbsp;<\/p>\n\n\n\n<p>Av utrymmessk\u00e4l har jag i f\u00f6ljande text valt att ge ett referat fr\u00e5n de\ninledande sex muntliga presentationerna, som t\u00e4cker in samtliga \u201dnationer\u201d, med\nvissa kortare utblickar till andra presentationer fr\u00e5n samma land. En komplett\nlista \u00f6ver talare och presentationstitlar kan dock f\u00e5s via konferensens hemsida\n[5].<\/p>\n\n\n\n<p>Den f\u00f6rste inbjudne talaren var <em>Dominique Guyomard, Universit\u00e9 de\nNantes, Frankrike<\/em> som jag k\u00e4nner till sedan tidigare fr\u00e4mst genom en\ninflytesrik artikel om batterielektrolyter som han skrev tillsammans med <em>Jean-Marie\nTarascon<\/em> vid mitten av 90-talet [6]. Guyomard presenterade f\u00f6rst en bred\n\u00f6versikt \u00f6ver elektrokemisk energilagring, batterityper och material. Han\ndiskuterade skillnader i energi, effekt, livsl\u00e4ngd, s\u00e4kerhet och kostnad f\u00f6r\nolika material och lyfte fram vikten av h\u00e5llbarhet genom bl.a. materialsyntes\nmed vatten som l\u00f6sningsmedel och n\u00f6dv\u00e4ndigheten att beakta material\u00e5tervinning.\nAndra delen av f\u00f6redraget handlade i mer detalj om utvecklingen av nya verktyg,\nmetoder och materialkoncept och baserades p\u00e5 exempel fr\u00e5n forskningen inom den\negna gruppen. Tv\u00e5 av dessa ber\u00f6rde jon- kontra elektronledningens bidrag till\npolarisation i celler med LiFePO4 kompositer [7] och utveckling av\nhybridelektroder f\u00f6r att fylla funktionsgapet mellan kondensatorer och\nLi-jonbatterier [8].&nbsp;<\/p>\n\n\n\n<p><em>Tejs Vegge, Danmarks Tekniske Universitet, Ris\u00d8,<\/em> presenterade delar\nav den forskning om Li-luftbatterier som utf\u00f6rs inom projektet ReLiable [9].\n&nbsp;Presentationen fokuserade p\u00e5 den sv\u00e5rundvikliga n\u00e4rvaron av CO2 i luft\nsom \u201df\u00f6rgiftar\u201d katodytan i Li-luftceller.&nbsp; CO2 blockerar aktiva s\u00e4ten f\u00f6r\nO2 och bildar Li2CO3 som har l\u00e5g ledningsf\u00f6rm\u00e5ga f\u00f6r b\u00e5de joner och elektroner,\nvilket bidrar till en \u00f6verpotential i j\u00e4mf\u00f6relse med celler d\u00e4r enbart den\n\u00f6nskade reduktionsprodukten \u2013 Li2O2 \u2013 bildas. Att notera ang\u00e5ende de tv\u00e5\nresterande danska f\u00f6redragen var att de kom fr\u00e5n samma grupp och att de ocks\u00e5\navhandlade Li-luftbatterier.<\/p>\n\n\n\n<p><em>Patrik Johansson, Chalmers tekniska h\u00f6gskola<\/em>, har sitt ursprung i\nUppsalas batterigrupp, men \u00e4r sedan 2000 aktiv i G\u00f6teborg. Patrik presenterade\nett sm\u00f6rg\u00e5sbord av projekt som fr\u00e4mst r\u00f6r utvecklingen av elektrolyter f\u00f6r\nLi-jon och Na-jonbatterier. Han gav exempel p\u00e5 nya koncept f\u00f6r att designa\nmotjoner till Li+, strategier att genom tillsats\u00e4mnen eller \u201dadditiver\u201d\nf\u00f6rhindra o\u00f6nskade reaktioner i konventionella elektrolyter, samt m\u00f6jligheten\natt genom fluorfria litiumsalter undvika dyr fluorsyntes och farliga\nnedbrytningsprodukter. <em>Patrik <\/em>po\u00e4ngterade ocks\u00e5 vikten av\nresurseffektivitet \u2013 att utnyttja material som \u00e4r tillg\u00e4ngliga i stor skala,\nt.ex. svavel eller natrium \u2013 f\u00f6r att utveckla Li-svavelbatterier och\nNa-batterier. F\u00f6r Li-S batterier avslutades presentationen med cyklingsresultat\nfr\u00e5n <em>Eurolis<\/em> \u2013 ett av tv\u00e5 EU-finansierade samarbetsprojekt kring Li-S\nbatterier d\u00e4r Chalmers deltar [10,11]. F\u00f6rutom Chalmers fanns givetvis KTH\nrepresenterat, d\u00e4r <em>G\u00f6ran Lindbergh<\/em> gav en presentation om kolfiber som\nmultifunktionellt material med sp\u00e4nnande piezo-elektrokemiska effekter.&nbsp;<\/p>\n\n\n\n<p><em>Ann Mari Svensson, Norges teknisk-naturvitenskapelige universitet\n(NTNU), Trondheim <\/em>leder en grupp om 4-5 doktorander och flera\nmastersstudenter som forskar om kontaktytan mellan kolanoder och elektrolyt. <em>Ann\nMari<\/em> n\u00e4mnde i sitt f\u00f6redrag behovet av att finna l\u00e4mpliga elektrolyter,\nsamt att modifiera kolelektroden, avseende termisk stabilitet och de nya\nmaterialutmaningar som \u201dhigh-voltage\u201d batterier inneb\u00e4r. Hon presenterade data\nf\u00f6r Li-jonceller med olika kolanoder som cyklats vid temperaturer l\u00e4gre \u00e4n\nrumstemperatur (0-10\u00b0C) och relaterade resultaten till kolursprung (TimCal,\nCPreme), partikelstorlek och ytarea. Hon presenterade ocks\u00e5 data f\u00f6r en cell\nd\u00e4r man anv\u00e4nt 1M LiF som elektrolytsalt tillsammans med en anjonreceptor.\n&nbsp;Receptorns roll \u00e4r h\u00e4r att \u201domfamna\u201d och transportera fluoridjonen som\nannars binder starkt till Li+ och d\u00e4rmed om\u00f6jligg\u00f6r jontransport. Intressant\nvar att denna cell presterade b\u00e4ttre \u00e4n en motsvarande cell med 1M LiPF6. Bland\n\u00f6vriga norska bidrag kan n\u00e4mnas en presentation av <em>Ola Nilsen, Oslo\nUniversitet<\/em>, om elektrodpreparering genom \u201datomic layer deposition\u201d.<\/p>\n\n\n\n<p><em>Ulla Lassi, Kokkola University Consortium Chydenius, University of\nOulu, Finland <\/em>tog ett brett grepp om Finlands batteriaktiviteter och\nintroducerade nationella samarbeten mellan finl\u00e4ndska universitet och mellan\nuniversitet och industri. I Finland finns det tre universitet som sysslar med\nbatteriforskning. De tv\u00e5 \u00f6vriga, Aalto University och University of Eastern\nFinland, var ocks\u00e5 representerade med muntliga f\u00f6redrag. N\u00e4r det g\u00e4ller\nbatteriverksamheten i Kokkola, eller Karleby stad som orten heter p\u00e5 svenska,\ns\u00e5 \u00e4r den relativt nystartad och har sina r\u00f6tter i katalysforskning. Man har\nbyggt upp en kapacitet f\u00f6r att preparera elektroder och Li-jonceller av\n\u201dpouch\u201d\/p\u00e5styp och presenterade data fr\u00e5n tester man har gjort med v\u00e4lk\u00e4nda\nelektrodmaterial; LTO, LFP, LCO och NMC. F\u00f6r gruppen finns en mycket tydlig\nkoppling till lokal industri, t.ex. genom delad arbetskraft och delade lokaler\n\u2013 ett 40 m2 \u201ddry room\u201d \u2013 och anv\u00e4ndning av lokalt framst\u00e4llda material. Ett\nnyckelord som \u00e5terkom under <em>Ullas <\/em>presentation var <em>v\u00e4rdekedja<\/em> som\navs\u00e5g litiumets v\u00e4g fr\u00e5n brytning av mineralet spodumene,i den finl\u00e4ndska gruva\nsom kommer att bli Europas f\u00f6rsta f\u00f6r utvinning av litium, till \u00e5tervinning av\nmetallen fr\u00e5n uttj\u00e4nta Li-jonbatterier.&nbsp;<\/p>\n\n\n\n<p>F\u00f6r den som \u00e4r intresserad av att veta mer om finsk batteriforskning finns\nen presentation av <em>Ulla<\/em>, snarlik den som gavs vid NordBatt1, p\u00e5 n\u00e4tet\n[12]. Presentationen \u00e4r fr\u00e5n <em>Kokkola Materials Week<\/em> som \u00e4gde rum i\nnovember. Kolla g\u00e4rna in den snygga hemsidan som utstr\u00e5lar finsk skapargl\u00e4dje \u00e0\nla Marimekko och som rymmer flera intressanta presentationer p\u00e5 temat\nbatterimaterial, bl.a. ett bidrag fr\u00e5n Kristina Edstr\u00f6m [13].&nbsp;<\/p>\n\n\n\n<p>Slutligen, vad b\u00e4ttre s\u00e4tt att avsluta detta reportage \u00e4n med ett bidrag\nfr\u00e5n \u201dhemmanationen\u201d sj\u00e4lv. Inom Uppsalagruppen sprudlar det av aktivitet,\nf\u00f6rdelad \u00f6ver en m\u00e4ngd intressanta projekt och batterikemier. Ett exempel \u00e4r\ndet projekt som presenterades av St\u00e9ven Renault om syntes och \u00e5tervinning av\norganiska elektroder. Med bensendiakrylat som en modellf\u00f6rening har St\u00e9ven\nframst\u00e4llt en elektrod som \u00e4r ol\u00f6slig i organiska l\u00f6sningsmedel, d\u00e4r syntes och\n\u00e5tervinning ist\u00e4llet sker i vatten och etanol. Elektrodens egenskaper har\noptimerats genom frystorkning och ytbel\u00e4ggning och man har studerat hur\nbattericykling med \u00e5tervunna elektroder beror p\u00e5 batteriets prestanda, samt\nvalet av elektrolytmaterial. De \u00e5teranv\u00e4nda elektroderna, som preparerats fr\u00e5n\norganiskt material fr\u00e5n cyklade elektroder som uppl\u00f6sts i vatten och tv\u00e4ttats i\netanol, fungerar d\u00e5ligt i nya celler n\u00e4r elektrolyten inneh\u00e5ller LiPF6, men\nbetydlig b\u00e4ttre n\u00e4r saltet \u00e4r LiTFSI. En utmaning \u00e4r dock att elektroder fr\u00e5n\nceller som fungerar bra verkar vara sv\u00e5rare att \u00e5tervinna \u00e4n elektroder fr\u00e5n\ns\u00e4mre celler.&nbsp;<\/p>\n\n\n\n<p class=\"has-drop-cap\"><\/p>\n\n\n\n<p><strong>\u00d6vriga kommentarer<\/strong><\/p>\n\n\n\n<p>Kristina leder nordens st\u00f6rsta batterigrupp vid \u00c5ngstr\u00f6mslaboratoriet i\nUppsala, vilket inte bara f\u00f6rklarar \u00f6vervikten av deltagare fr\u00e5n UU, men ocks\u00e5\ng\u00f6r gruppen till en naturlig utg\u00e5ngspunkt f\u00f6r ett initiativ som NordBatt1.<\/p>\n\n\n\n<p>Det var ett trevligt initiativ och en intressant konferens som\nf\u00f6rhoppningsvis kan \u00e5terupprepas utanf\u00f6r Uppsala. Den avsiktligt utsatta\n\u201dettan\u201d i titeln speglar givetvis en \u00f6nskan fr\u00e5n Uppsalagruppen att konferensen\nskall leva vidare och bli en grogrund f\u00f6r ett intensifierat nordiskt samarbete\ninom omr\u00e5det.<\/p>\n\n\n\n<p>N\u00e4r konferensen summerades vid slutet av dag tv\u00e5 fanns en svag antydan att\nNordBatt2 kan komma att arrangeras i Trondheim om tv\u00e5 \u00e5r. Fr\u00e5gan \u00e4r dock hur\nformatet p\u00e5verkas n\u00e4r konferensen hamnar utanf\u00f6r Uppsala. I Uppsala har man ett\no\u00f6vertr\u00e4ffat kontaktn\u00e4t som lockade fyra v\u00e4lk\u00e4nda utomnordiska batteriforskare\ntill \u00e5rets konferens. Vid en annan ort kan man rimligtvis inte heller bidra med\n40 forskare fr\u00e5n Uppsala och sannolikt inte heller m\u00f6nstra lika m\u00e5nga inhemska\nforskare, vilket g\u00f6r att formatet n\u00e4sta g\u00e5ng b\u00f6r bli betydligt mindre.<\/p>\n\n\n\n<p>Avslutningsvis s\u00e5 har endast ett axplock av konferensens 90 presentationer\nrefererats, samtliga dessutom fr\u00e5n nordiska universitet.&nbsp; Man f\u00e5r dock\ninte gl\u00f6mma att en tredjedel av deltagarna var fr\u00e5n nordiska industrier och att\nde fanns representerade b\u00e5de med muntliga f\u00f6redrag och posterpresentationer,\nvilket skapade en bra blandning av bidrag.<\/p>\n\n\n\n<p>[1] \u201d<strong>New Helmholtz\nInstitute for Battery Research\u201d <\/strong><strong><a href=\"http:\/\/gantrack2.com\/t\/l\/715104\/1_MzE3ODk5NDM2Mw==\/\" target=\"_blank\" rel=\"noreferrer noopener\">l\u00e4nk<\/a><\/strong><\/p>\n\n\n\n<p>[2] \u201d<strong>Green Light for\nHelmholtz Institute M\u00fcnster: New Impetus for Battery Research\u201d <\/strong><strong><a href=\"http:\/\/gantrack2.com\/t\/l\/715105\/1_MzE3ODk5NDM2Mw==\/\" target=\"_blank\" rel=\"noreferrer noopener\">l\u00e4nk<\/a><\/strong><\/p>\n\n\n\n<p>[3] <strong>\u201dFraunhofer Battery Alliance\u201d <\/strong><strong><a href=\"http:\/\/gantrack2.com\/t\/l\/715106\/1_MzE3ODk5NDM2Mw==\/\" target=\"_blank\" rel=\"noreferrer noopener\">l\u00e4nk<\/a><\/strong><\/p>\n\n\n\n<p>[4] <strong>\u201dKristina Edstr\u00f6m en kemisk kreat\u00f6r\u201d<\/strong>&nbsp;<a href=\"http:\/\/gantrack2.com\/t\/l\/715107\/1_MzE3ODk5NDM2Mw==\/\" target=\"_blank\" rel=\"noreferrer noopener\">l\u00e4nk<\/a><\/p>\n\n\n\n<p>[5] <strong>\u201dNordisk\nBatterikonferens 2013\u201d <\/strong><strong><a href=\"http:\/\/gantrack2.com\/t\/l\/715108\/1_MzE3ODk5NDM2Mw==\/\" target=\"_blank\" rel=\"noreferrer noopener\">l\u00e4nk<\/a><\/strong><\/p>\n\n\n\n<p>[6] <strong>\u201dHigh voltage\nstable liquid electrolytes for Li1+xMn2O4\/carbon rocking-chair lithium\nbatteries\u201d <\/strong><strong><a href=\"http:\/\/gantrack2.com\/t\/l\/715109\/1_MzE3ODk5NDM2Mw==\/\" target=\"_blank\" rel=\"noreferrer noopener\">l\u00e4nk<\/a><\/strong><\/p>\n\n\n\n<p>[7] <strong>\u201dCarbon nanofibers\nimprove both the electronic and ionic contributions of the electrochemical\nperformance of composite electrodes\u201d <\/strong><strong><a href=\"http:\/\/gantrack2.com\/t\/l\/715110\/1_MzE3ODk5NDM2Mw==\/\" target=\"_blank\" rel=\"noreferrer noopener\">l\u00e4nk<\/a><\/strong><\/p>\n\n\n\n<p>[8] <strong>\u201d<em>In situ<\/em>\nredox functionalization of composite electrodes for high power\u2013high energy\nelectrochemical storage systems <em>via<\/em> a non-covalent approach\u201d<\/strong>&nbsp;<a href=\"http:\/\/gantrack2.com\/t\/l\/715111\/1_MzE3ODk5NDM2Mw==\/\" target=\"_blank\" rel=\"noreferrer noopener\">l\u00e4nk<\/a><\/p>\n\n\n\n<p>[9] <strong>\u201dReversible\nLithium-Air Batteries\u201d <\/strong><strong><a href=\"http:\/\/gantrack2.com\/t\/l\/715112\/1_MzE3ODk5NDM2Mw==\/\" target=\"_blank\" rel=\"noreferrer noopener\">l\u00e4nk<\/a><\/strong><\/p>\n\n\n\n<p>[10] \u201d<strong>Advanced\nEuropean lithium sulphur cells for automotive application\u201d <\/strong><strong><a href=\"http:\/\/gantrack2.com\/t\/l\/715113\/1_MzE3ODk5NDM2Mw==\/\" target=\"_blank\" rel=\"noreferrer noopener\">l\u00e4nk<\/a><\/strong><\/p>\n\n\n\n<p>[11] <strong>\u201dLithium Sulfur\nSuperbattery Exploitating Nanotechnology\u201d <\/strong><strong><a href=\"http:\/\/gantrack2.com\/t\/l\/715114\/1_MzE3ODk5NDM2Mw==\/\" target=\"_blank\" rel=\"noreferrer noopener\">l\u00e4nk<\/a><\/strong><\/p>\n\n\n\n<p>[12] <strong>\u201dBattery\nchemistry research in Kokkola\u201d <\/strong><strong><a href=\"http:\/\/gantrack2.com\/t\/l\/715115\/1_MzE3ODk5NDM2Mw==\/\" target=\"_blank\" rel=\"noreferrer noopener\">l\u00e4nk<\/a><\/strong>\n\n[13]<strong> \u201dKokkola Material Week\u201d <a href=\"http:\/\/gantrack2.com\/t\/l\/715116\/1_MzE3ODk5NDM2Mw==\/\" target=\"_blank\" rel=\"noreferrer noopener\">l\u00e4nk<\/a><\/strong><\/p>\n<\/div>\n\n\n\n<div class=\"wp-block-column is-layout-flow wp-block-column-is-layout-flow\">\n<p class=\"has-medium-font-size\"><strong>About the Author<\/strong><\/p>\n\n\n\n<div class=\"wp-block-image\"><figure class=\"alignleft is-resized\"><img loading=\"lazy\" decoding=\"async\" src=\"http:\/\/nordbatt.org\/2013\/wp-content\/uploads\/sites\/5\/2019\/02\/johan_scheers.jpg\" alt=\"\" class=\"wp-image-690\" width=\"156\" height=\"156\" srcset=\"http:\/\/nordbatt.org\/2013\/wp-content\/uploads\/sites\/5\/2019\/02\/johan_scheers.jpg 225w, http:\/\/nordbatt.org\/2013\/wp-content\/uploads\/sites\/5\/2019\/02\/johan_scheers-150x150.jpg 150w, http:\/\/nordbatt.org\/2013\/wp-content\/uploads\/sites\/5\/2019\/02\/johan_scheers-100x100.jpg 100w\" sizes=\"auto, (max-width: 156px) 100vw, 156px\" \/><\/figure><\/div>\n\n\n\n<h3 class=\"wp-block-heading\">Johan Scheers<\/h3>\n\n\n\n<p>Cell component owner at Volvo car group and assistant professor at Chalmers University.<\/p>\n<\/div>\n<\/div>\n","protected":false},"excerpt":{"rendered":"<p>Skrivet av Johan Scheers (Chalmers University, 2013). Ett av mina f\u00f6rsta konferensbes\u00f6k som doktorand var ett tredagarsm\u00f6te vid KTH i &hellip; <a href=\"http:\/\/nordbatt.org\/2013\/conference-report\/\" class=\"more-link\">Continue reading <span class=\"screen-reader-text\">Conference report<\/span><\/a><\/p>\n","protected":false},"author":1,"featured_media":0,"parent":0,"menu_order":0,"comment_status":"closed","ping_status":"closed","template":"nordbatt-wide.php","meta":{"footnotes":""},"class_list":["post-657","page","type-page","status-publish","hentry"],"_links":{"self":[{"href":"http:\/\/nordbatt.org\/2013\/wp-json\/wp\/v2\/pages\/657","targetHints":{"allow":["GET"]}}],"collection":[{"href":"http:\/\/nordbatt.org\/2013\/wp-json\/wp\/v2\/pages"}],"about":[{"href":"http:\/\/nordbatt.org\/2013\/wp-json\/wp\/v2\/types\/page"}],"author":[{"embeddable":true,"href":"http:\/\/nordbatt.org\/2013\/wp-json\/wp\/v2\/users\/1"}],"replies":[{"embeddable":true,"href":"http:\/\/nordbatt.org\/2013\/wp-json\/wp\/v2\/comments?post=657"}],"version-history":[{"count":14,"href":"http:\/\/nordbatt.org\/2013\/wp-json\/wp\/v2\/pages\/657\/revisions"}],"predecessor-version":[{"id":694,"href":"http:\/\/nordbatt.org\/2013\/wp-json\/wp\/v2\/pages\/657\/revisions\/694"}],"wp:attachment":[{"href":"http:\/\/nordbatt.org\/2013\/wp-json\/wp\/v2\/media?parent=657"}],"curies":[{"name":"wp","href":"https:\/\/api.w.org\/{rel}","templated":true}]}}